{"id":98,"date":"2013-03-22T14:19:51","date_gmt":"2013-03-22T14:19:51","guid":{"rendered":"http:\/\/lawyers-attorneys.vamtam.com\/?page_id=31"},"modified":"2021-10-01T15:32:04","modified_gmt":"2021-10-01T22:32:04","slug":"contact-us","status":"publish","type":"page","link":"https:\/\/abogadojamesrudolph.com\/en\/contact-us\/","title":{"rendered":"Cont\u00e1ctanos"},"content":{"rendered":"<div class=\"row\"><div class=\"wpv-grid grid-1-1  wpv-first-level first unextended\" style=\"padding-top:0px;padding-bottom:0px\" id=\"wpv-column-dbd90b07855fbb5c940044dd386edd25\" >\t\t<h2 class=\"text-divider-double\">\t\t\tVisit us in Tijuana, Mexico\t\t<\/h2>\t\t<div class=\"sep\"><\/div>\t<div class=\"row\"><div class=\"wpv-grid grid-1-1  first unextended animation-fade-in animated-active\" style=\"padding-top:0px;padding-bottom:0px\" id=\"wpv-column-64d5e1c31b9c804db66ddaa15a60ca7d\" ><div class=\"push\" style='margin-bottom:-30px'><\/div>\n<p style=\"text-align: center;\"><span class=\"vamtam-font-style-2 accent-4\">Contact us through the following channels.<\/span><br \/>\n<div class=\"push\" style='height:30px'><\/div><\/div><\/div>\n<div class=\"row\"><div class=\"wpv-grid grid-1-3  first unextended animation-fade-in animated-active\" style=\"padding-top:0px;padding-bottom:0px\" id=\"wpv-column-1eff8693eebfc0367f1c241e2b1f16df\" ><p style=\"text-align: center;\"><span class='icon shortcode theme  use-hover' style='font-size:32px !important;color:#CCA876;'>&#57547;<\/span>\n<p style=\"text-align: center;\">D\u00edaz Ordaz 13251-F3,<br \/>\nLa Escondida, Tijuana, C.P. 22106<br \/>\n<a href=\"https:\/\/goo.gl\/maps\/HFPWnSu5Wwb8FiYMA\">Map \u2192<\/a><\/div>\n<div class=\"wpv-grid grid-1-3  unextended animation-fade-in animated-active\" style=\"padding-top:0px;padding-bottom:0px\" id=\"wpv-column-10fbc964d9121d8a46081f4e97e84689\" ><p style=\"text-align: center;\"><span class='icon shortcode theme  use-hover' style='font-size:32px !important;color:#CCA876;'>&#57471;<\/span>\n<p style=\"text-align: center;\">MX: +52 664 686 6860<br \/>\nUS: +1 619 734 0238<\/div>\n<div class=\"wpv-grid grid-1-3  unextended animation-fade-in animated-active\" style=\"padding-top:0px;padding-bottom:0px\" id=\"wpv-column-e2fa188a6d9030926dc6682b9d644049\" ><p style=\"text-align: center;\"><span class='icon shortcode theme  use-hover' style='font-size:32px !important;color:#CCA876;'>&#57530;<\/span>\n<p style=\"text-align: center;\">MONDAY \u2013 FRIDAY: 09:00 \u2013 18:00<br \/>\nSATURDAY: 10:00 \u2013 14:00<br \/>\nSUNDAY: CLOSED<\/div><\/div>\n<div class=\"push\" style='margin-bottom:-40px'><\/div>\n<div class=\"sep-3\"><\/div>\n<div class=\"row\"><div class=\"wpv-grid grid-1-1  first unextended animation-zoom-in animated-active\" style=\"padding-top:0px;padding-bottom:0px\" id=\"wpv-column-5ccfdfbd308e3b2a4cdee2436e24d163\" ><div class=\"push\" style='margin-bottom:-10px'><\/div><\/div><\/div><\/div><\/div>\n<div class=\"row\"><div class=\"wpv-grid grid-1-1  wpv-first-level first has-background extended\" style=\"background-color:#f5f5f5;padding-top:60px;padding-bottom:30px\" id=\"wpv-column-6381131ee963210ec5a96772304cb509\" ><div class=\"extended-column-inner\"><style>#wpv-column-6381131ee963210ec5a96772304cb509 p,#wpv-column-6381131ee963210ec5a96772304cb509 em,#wpv-column-6381131ee963210ec5a96772304cb509 .column-title,#wpv-column-6381131ee963210ec5a96772304cb509 .sep-text h2.regular-title-wrapper,#wpv-column-6381131ee963210ec5a96772304cb509 .text-divider-double,#wpv-column-6381131ee963210ec5a96772304cb509 .sep-text .sep-text-line,#wpv-column-6381131ee963210ec5a96772304cb509 .sep,#wpv-column-6381131ee963210ec5a96772304cb509 .sep-2,#wpv-column-6381131ee963210ec5a96772304cb509 .sep-3,#wpv-column-6381131ee963210ec5a96772304cb509 td,#wpv-column-6381131ee963210ec5a96772304cb509 th,#wpv-column-6381131ee963210ec5a96772304cb509 caption{color:#767676;}#wpv-column-6381131ee963210ec5a96772304cb509:before{background-color:transparent;}<\/style><div class=\"row\"><div class=\"wpv-grid grid-1-1  first unextended animation-from-bottom animated-active\" style=\"padding-top:0px;padding-bottom:0px\" id=\"wpv-column-f8652c9ddbe3897107b95fc730ec10b0\" ><p>\n<div class=\"wpcf7 no-js\" id=\"wpcf7-f987729-o1\" lang=\"en-US\" dir=\"ltr\" data-wpcf7-id=\"987729\">\n<div class=\"screen-reader-response\"><p role=\"status\" aria-live=\"polite\" aria-atomic=\"true\"><\/p> <ul><\/ul><\/div>\n<form action=\"\/en\/wp-json\/wp\/v2\/pages\/98#wpcf7-f987729-o1\" method=\"post\" class=\"wpcf7-form init\" aria-label=\"Contact form\" novalidate=\"novalidate\" data-status=\"init\" data-trp-original-action=\"\/en\/wp-json\/wp\/v2\/pages\/98#wpcf7-f987729-o1\">\n<fieldset class=\"hidden-fields-container\"><input type=\"hidden\" name=\"_wpcf7\" value=\"987729\" \/><input type=\"hidden\" name=\"_wpcf7_version\" value=\"6.1.4\" \/><input type=\"hidden\" name=\"_wpcf7_locale\" value=\"en_US\" \/><input type=\"hidden\" name=\"_wpcf7_unit_tag\" value=\"wpcf7-f987729-o1\" \/><input type=\"hidden\" name=\"_wpcf7_container_post\" value=\"0\" \/><input type=\"hidden\" name=\"_wpcf7_posted_data_hash\" value=\"\" \/><input type=\"hidden\" name=\"_wpcf7_recaptcha_response\" value=\"\" \/>\n<\/fieldset>\n<div class=\"row\">\n\t<div class=\"grid-1-3\">\n\t\t<p><span class=\"wpcf7-form-control-wrap\" data-name=\"Name\"><input size=\"40\" maxlength=\"400\" class=\"wpcf7-form-control wpcf7-text wpcf7-validates-as-required\" aria-required=\"true\" aria-invalid=\"false\" placeholder=\"Name\" value=\"\" type=\"text\" name=\"Name\" \/><\/span>\n\t\t<\/p>\n\t<\/div>\n\t<div class=\"grid-1-3\">\n\t\t<p><span class=\"wpcf7-form-control-wrap\" data-name=\"E-mail\"><input size=\"40\" maxlength=\"400\" class=\"wpcf7-form-control wpcf7-text wpcf7-validates-as-required\" aria-required=\"true\" aria-invalid=\"false\" placeholder=\"E-mail\" value=\"\" type=\"text\" name=\"E-mail\" \/><\/span>\n\t\t<\/p>\n\t<\/div>\n\t<div class=\"grid-1-3\">\n\t\t<p><span class=\"wpcf7-form-control-wrap\" data-name=\"Phone\"><input size=\"40\" maxlength=\"400\" class=\"wpcf7-form-control wpcf7-text\" aria-invalid=\"false\" placeholder=\"Phone\" value=\"\" type=\"text\" name=\"Phone\" \/><\/span>\n\t\t<\/p>\n\t<\/div>\n\t<div class=\"grid-1-1\">\n\t\t<p><span class=\"wpcf7-form-control-wrap\" data-name=\"Subject\"><input size=\"40\" maxlength=\"400\" class=\"wpcf7-form-control wpcf7-text wpcf7-validates-as-required\" aria-required=\"true\" aria-invalid=\"false\" placeholder=\"Subject\" value=\"\" type=\"text\" name=\"Subject\" \/><\/span>\n\t\t<\/p>\n\t<\/div>\n\t<div class=\"grid-1-1\">\n\t\t<p><span class=\"wpcf7-form-control-wrap\" data-name=\"Message\"><textarea cols=\"40\" rows=\"6\" maxlength=\"2000\" class=\"wpcf7-form-control wpcf7-textarea wpcf7-validates-as-required\" aria-required=\"true\" aria-invalid=\"false\" placeholder=\"Message\" name=\"Message\"><\/textarea><\/span>\n\t\t<\/p>\n\t<\/div>\n\t<div style= \"text-align: center;\">\n\t\t<p><input class=\"wpcf7-form-control wpcf7-submit has-spinner\" type=\"submit\" value=\"Send Message \u2192\" \/>\n\t\t<\/p>\n\t<\/div>\n<\/div><div class=\"wpcf7-response-output\" aria-hidden=\"true\"><\/div>\n<input type=\"hidden\" name=\"trp-form-language\" value=\"en\"\/><\/form>\n<\/div>\n<\/div><\/div><\/div><\/div><\/div>","protected":false},"excerpt":{"rendered":"<p>Cont\u00e1ctanos a trav\u00e9s de los medios a continuaci\u00f3n. D\u00edaz Ordaz 13251-F3, La Escondida, Tijuana, C.P. 22106 Mapa \u2192 MX: +52 664 686 6860 US: +1 619 734 0238 LUNES \u2013 VIERNES: 09:00 \u2013 18:00 S\u00c1BADO: 10:00 \u2013 14:00 DOMINGO: CERRADO<\/p>","protected":false},"author":1,"featured_media":0,"parent":0,"menu_order":3,"comment_status":"closed","ping_status":"closed","template":"","meta":{"footnotes":""},"class_list":["post-98","page","type-page","status-publish","hentry"],"_links":{"self":[{"href":"https:\/\/abogadojamesrudolph.com\/en\/wp-json\/wp\/v2\/pages\/98","targetHints":{"allow":["GET"]}}],"collection":[{"href":"https:\/\/abogadojamesrudolph.com\/en\/wp-json\/wp\/v2\/pages"}],"about":[{"href":"https:\/\/abogadojamesrudolph.com\/en\/wp-json\/wp\/v2\/types\/page"}],"author":[{"embeddable":true,"href":"https:\/\/abogadojamesrudolph.com\/en\/wp-json\/wp\/v2\/users\/1"}],"replies":[{"embeddable":true,"href":"https:\/\/abogadojamesrudolph.com\/en\/wp-json\/wp\/v2\/comments?post=98"}],"version-history":[{"count":5,"href":"https:\/\/abogadojamesrudolph.com\/en\/wp-json\/wp\/v2\/pages\/98\/revisions"}],"predecessor-version":[{"id":987992,"href":"https:\/\/abogadojamesrudolph.com\/en\/wp-json\/wp\/v2\/pages\/98\/revisions\/987992"}],"wp:attachment":[{"href":"https:\/\/abogadojamesrudolph.com\/en\/wp-json\/wp\/v2\/media?parent=98"}],"curies":[{"name":"wp","href":"https:\/\/api.w.org\/{rel}","templated":true}]}}